{"id":10,"date":"2022-12-08T14:01:40","date_gmt":"2022-12-08T14:01:40","guid":{"rendered":"https:\/\/taxitransfertparis.com\/?page_id=10"},"modified":"2025-02-09T16:12:17","modified_gmt":"2025-02-09T15:12:17","slug":"a-propos","status":"publish","type":"page","link":"https:\/\/taxitransfertparis.com\/index.php\/a-propos\/","title":{"rendered":"\u00c0-PROPOS"},"content":{"rendered":"\t\t<div data-elementor-type=\"wp-page\" data-elementor-id=\"10\" class=\"elementor elementor-10\" data-elementor-post-type=\"page\">\n\t\t\t\t\t\t<section class=\"elementor-section elementor-top-section elementor-element elementor-element-d5a0f91 elementor-section-boxed elementor-section-height-default elementor-section-height-default\" data-id=\"d5a0f91\" data-element_type=\"section\">\n\t\t\t\t\t\t<div class=\"elementor-container elementor-column-gap-default\">\n\t\t\t\t\t<div class=\"elementor-column elementor-col-100 elementor-top-column elementor-element elementor-element-7f4c252\" data-id=\"7f4c252\" data-element_type=\"column\">\n\t\t\t<div class=\"elementor-widget-wrap\">\n\t\t\t\t\t\t\t<\/div>\n\t\t<\/div>\n\t\t\t\t\t<\/div>\n\t\t<\/section>\n\t\t\t\t<section class=\"elementor-section elementor-top-section elementor-element elementor-element-4dc1e3a elementor-section-height-min-height elementor-section-items-bottom elementor-section-stretched elementor-section-boxed elementor-section-height-default\" data-id=\"4dc1e3a\" data-element_type=\"section\" data-settings=\"{&quot;stretch_section&quot;:&quot;section-stretched&quot;,&quot;background_background&quot;:&quot;classic&quot;}\">\n\t\t\t\t\t\t<div class=\"elementor-container elementor-column-gap-wider\">\n\t\t\t\t\t<div class=\"elementor-column elementor-col-100 elementor-top-column elementor-element elementor-element-e29b7b7\" data-id=\"e29b7b7\" data-element_type=\"column\">\n\t\t\t<div class=\"elementor-widget-wrap elementor-element-populated\">\n\t\t\t\t\t\t<section class=\"elementor-section elementor-inner-section elementor-element elementor-element-0853f99 elementor-section-boxed elementor-section-height-default elementor-section-height-default\" data-id=\"0853f99\" data-element_type=\"section\">\n\t\t\t\t\t\t<div class=\"elementor-container elementor-column-gap-default\">\n\t\t\t\t\t<div class=\"elementor-column elementor-col-100 elementor-inner-column elementor-element elementor-element-01ff8d3\" data-id=\"01ff8d3\" data-element_type=\"column\">\n\t\t\t<div class=\"elementor-widget-wrap elementor-element-populated\">\n\t\t\t\t\t\t<div class=\"elementor-element elementor-element-aa8ba61 elementor-widget elementor-widget-heading\" data-id=\"aa8ba61\" data-element_type=\"widget\" data-widget_type=\"heading.default\">\n\t\t\t\t<div class=\"elementor-widget-container\">\n\t\t\t\t\t<h2 class=\"elementor-heading-title elementor-size-default\">\u00c0 PROPOS<\/h2>\t\t\t\t<\/div>\n\t\t\t\t<\/div>\n\t\t\t\t\t<\/div>\n\t\t<\/div>\n\t\t\t\t\t<\/div>\n\t\t<\/section>\n\t\t\t\t\t<\/div>\n\t\t<\/div>\n\t\t\t\t\t<\/div>\n\t\t<\/section>\n\t\t\t\t<section class=\"elementor-section elementor-top-section elementor-element elementor-element-e7f9aa3 elementor-section-stretched elementor-section-boxed elementor-section-height-default elementor-section-height-default\" data-id=\"e7f9aa3\" data-element_type=\"section\" data-settings=\"{&quot;stretch_section&quot;:&quot;section-stretched&quot;}\">\n\t\t\t\t\t\t<div class=\"elementor-container elementor-column-gap-wider\">\n\t\t\t\t\t<div class=\"elementor-column elementor-col-100 elementor-top-column elementor-element elementor-element-f7369e6\" data-id=\"f7369e6\" data-element_type=\"column\">\n\t\t\t<div class=\"elementor-widget-wrap elementor-element-populated\">\n\t\t\t\t\t\t<section class=\"elementor-section elementor-inner-section elementor-element elementor-element-aa9c17c elementor-section-boxed elementor-section-height-default elementor-section-height-default\" data-id=\"aa9c17c\" data-element_type=\"section\">\n\t\t\t\t\t\t<div class=\"elementor-container elementor-column-gap-default\">\n\t\t\t\t\t<div class=\"elementor-column elementor-col-100 elementor-inner-column elementor-element elementor-element-3fd9e07\" data-id=\"3fd9e07\" data-element_type=\"column\">\n\t\t\t<div class=\"elementor-widget-wrap elementor-element-populated\">\n\t\t\t\t\t\t<div class=\"elementor-element elementor-element-9dbf088 elementor-widget elementor-widget-heading\" data-id=\"9dbf088\" data-element_type=\"widget\" data-widget_type=\"heading.default\">\n\t\t\t\t<div class=\"elementor-widget-container\">\n\t\t\t\t\t<h3 class=\"elementor-heading-title elementor-size-default\"><h3><strong>\u00c0 Propos de TaxiTransfertParis<\/strong><\/h3><\/h3>\t\t\t\t<\/div>\n\t\t\t\t<\/div>\n\t\t\t\t<div class=\"elementor-element elementor-element-a36b606 elementor-widget elementor-widget-text-editor\" data-id=\"a36b606\" data-element_type=\"widget\" data-widget_type=\"text-editor.default\">\n\t\t\t\t<div class=\"elementor-widget-container\">\n\t\t\t\t\t\t\t\t\t<p>Bienvenue sur <strong>TaxiTransfertParis<\/strong>, votre partenaire de confiance pour les r\u00e9servations de chauffeurs priv\u00e9s et les transferts \u00e0 Paris et vers tous les a\u00e9roports de la r\u00e9gion. Nous nous engageons \u00e0 vous offrir un service de transport haut de gamme, fiable et personnalis\u00e9, adapt\u00e9 \u00e0 vos besoins, que vous soyez un voyageur d&rsquo;affaires, une famille ou un groupe d&rsquo;amis.<\/p>\n<hr \/>\n<h3><strong>Notre Mission<\/strong><\/h3>\n<p>Chez <strong>TaxiTransfertParis<\/strong>, notre mission est de simplifier vos d\u00e9placements en vous proposant un service de chauffeur priv\u00e9 professionnel, disponible 24h\/24 et 7j\/7. Nous comprenons l&rsquo;importance de la ponctualit\u00e9, du confort et de la s\u00e9curit\u00e9, surtout lorsqu&rsquo;il s&rsquo;agit de transferts vers les a\u00e9roports. C&rsquo;est pourquoi nous mettons tout en \u0153uvre pour vous garantir une exp\u00e9rience de voyage sans stress.<\/p>\n<hr \/>\n<h3><strong>Nos Services<\/strong><\/h3>\n<ul>\n<li>\n<p><strong>Transferts A\u00e9roport<\/strong> : Que vous arriviez ou partiez de Paris, nos chauffeurs vous accueillent ou vous d\u00e9posent \u00e0 temps \u00e0 l&rsquo;a\u00e9roport de votre choix (Charles de Gaulle, Orly, Beauvais, etc.).<\/p>\n<\/li>\n<li>\n<p><strong>R\u00e9servation de Chauffeurs Priv\u00e9s<\/strong> : Besoin d&rsquo;un chauffeur pour une journ\u00e9e ou une soir\u00e9e ? Nous proposons des services sur mesure pour vos d\u00e9placements professionnels ou personnels.<\/p>\n<\/li>\n<li>\n<p><strong>Confort et S\u00e9curit\u00e9<\/strong> : Nos v\u00e9hicules sont modernes, spacieux et \u00e9quip\u00e9s pour assurer votre confort et votre s\u00e9curit\u00e9.<\/p>\n<\/li>\n<li>\n<p><strong>Service 24\/7<\/strong> : Nous sommes disponibles \u00e0 tout moment pour r\u00e9pondre \u00e0 vos besoins, m\u00eame en derni\u00e8re minute.<\/p>\n<\/li>\n<\/ul>\n<hr \/>\n<h3><strong>Pourquoi Nous Choisir ?<\/strong><\/h3>\n<ul>\n<li>\n<p><strong>Ponctualit\u00e9<\/strong> : Nous savons que chaque minute compte, surtout pour les transferts a\u00e9roport. Nos chauffeurs sont toujours \u00e0 l&rsquo;heure.<\/p>\n<\/li>\n<li>\n<p><strong>Chauffeurs Professionnels<\/strong> : Courtois, exp\u00e9riment\u00e9s et connaissant parfaitement Paris, nos chauffeurs vous offrent un service de qualit\u00e9.<\/p>\n<\/li>\n<li>\n<p><strong>Tarifs Transparents<\/strong> : Pas de mauvaises surprises, nos tarifs sont clairs et comp\u00e9titifs.<\/p>\n<\/li>\n<li>\n<p><strong>Flexibilit\u00e9<\/strong> : Que ce soit pour un trajet court ou une r\u00e9servation longue dur\u00e9e, nous nous adaptons \u00e0 vos besoins.<\/p>\n<\/li>\n<\/ul>\n<hr \/>\n<h3><strong>Notre Engagement<\/strong><\/h3>\n<p>Chez <strong>TaxiTransfertParis<\/strong>, nous croyons que chaque voyage devrait \u00eatre une exp\u00e9rience agr\u00e9able. C&rsquo;est pourquoi nous nous engageons \u00e0 vous fournir un service personnalis\u00e9, fiable et de haute qualit\u00e9. Que vous ayez besoin d&rsquo;un transfert a\u00e9roport, d&rsquo;un chauffeur priv\u00e9 pour une r\u00e9union importante ou d&rsquo;un service VIP, nous sommes l\u00e0 pour vous.<\/p>\n<hr \/>\n<h3><strong>Contactez-Nous<\/strong><\/h3>\n<p>Pr\u00eat \u00e0 r\u00e9server votre prochain trajet ? Contactez-nous d\u00e8s aujourd&rsquo;hui pour planifier votre transfert ou votre r\u00e9servation de chauffeur priv\u00e9. <strong>TaxiTransfertParis<\/strong> est \u00e0 votre service pour rendre vos d\u00e9placements \u00e0 Paris et vers les a\u00e9roports aussi fluides que possible.<\/p>\n<hr \/>\n<p><strong>TaxiTransfertParis<\/strong> \u2013 Votre confort, notre priorit\u00e9.<\/p>\n<p>\u00a0<\/p>\t\t\t\t\t\t\t\t<\/div>\n\t\t\t\t<\/div>\n\t\t\t\t\t<\/div>\n\t\t<\/div>\n\t\t\t\t\t<\/div>\n\t\t<\/section>\n\t\t\t\t\t<\/div>\n\t\t<\/div>\n\t\t\t\t\t<\/div>\n\t\t<\/section>\n\t\t\t\t<\/div>\n\t\t","protected":false},"excerpt":{"rendered":"<p>\u00c0 PROPOS \u00c0 Propos de TaxiTransfertParis Bienvenue sur TaxiTransfertParis, votre partenaire de confiance pour les r\u00e9servations de chauffeurs priv\u00e9s et les transferts \u00e0 Paris et vers<span class=\"excerpt-hellip\"> [\u2026]<\/span><\/p>\n","protected":false},"author":1,"featured_media":0,"parent":0,"menu_order":0,"comment_status":"open","ping_status":"closed","template":"","meta":{"footnotes":""},"class_list":["post-10","page","type-page","status-publish","hentry"],"_links":{"self":[{"href":"https:\/\/taxitransfertparis.com\/index.php\/wp-json\/wp\/v2\/pages\/10","targetHints":{"allow":["GET"]}}],"collection":[{"href":"https:\/\/taxitransfertparis.com\/index.php\/wp-json\/wp\/v2\/pages"}],"about":[{"href":"https:\/\/taxitransfertparis.com\/index.php\/wp-json\/wp\/v2\/types\/page"}],"author":[{"embeddable":true,"href":"https:\/\/taxitransfertparis.com\/index.php\/wp-json\/wp\/v2\/users\/1"}],"replies":[{"embeddable":true,"href":"https:\/\/taxitransfertparis.com\/index.php\/wp-json\/wp\/v2\/comments?post=10"}],"version-history":[{"count":9,"href":"https:\/\/taxitransfertparis.com\/index.php\/wp-json\/wp\/v2\/pages\/10\/revisions"}],"predecessor-version":[{"id":868,"href":"https:\/\/taxitransfertparis.com\/index.php\/wp-json\/wp\/v2\/pages\/10\/revisions\/868"}],"wp:attachment":[{"href":"https:\/\/taxitransfertparis.com\/index.php\/wp-json\/wp\/v2\/media?parent=10"}],"curies":[{"name":"wp","href":"https:\/\/api.w.org\/{rel}","templated":true}]}}